{"id":179,"date":"2025-05-08T22:41:23","date_gmt":"2025-05-08T22:41:23","guid":{"rendered":"https:\/\/dr.swidnica.pl\/?page_id=179"},"modified":"2025-05-08T22:52:09","modified_gmt":"2025-05-08T22:52:09","slug":"terminy-przygotowan","status":"publish","type":"page","link":"https:\/\/dr.swidnica.pl\/?page_id=179","title":{"rendered":"Terminy przygotowa\u0144"},"content":{"rendered":"\n<div id=\"wp-block-themeisle-blocks-timeline-89250df2\" class=\"wp-block-themeisle-blocks-timeline\"><div class=\"o-timeline-root\">\n<div id=\"wp-block-themeisle-blocks-timeline-item-7fc91bce\" class=\"wp-block-themeisle-blocks-timeline-item\"><div class=\"o-timeline-container\"><div class=\"o-timeline-icon\"><i class=\"fas fa-circle\"><\/i><\/div><div class=\"o-timeline-content\">\n<p class=\"has-small-font-size\">01\/01\/2025<\/p>\n\n\n\n<h3 class=\"wp-block-heading\">Bielawa<\/h3>\n\n\n\n<p>Prowadz\u0105cy<\/p>\n\n\n\n<p> Ewelina Synd\u0142ak 505409609   Adrian Synd\u0142ak 506232885<\/p>\n\n\n\n<p>Ko\u015bci\u00f3\u0142 Wniebowzi\u0119cia NMP Bielawa<\/p>\n<\/div><\/div><\/div>\n\n\n\n<div id=\"wp-block-themeisle-blocks-timeline-item-c32916d8\" class=\"wp-block-themeisle-blocks-timeline-item\"><div class=\"o-timeline-container\"><div class=\"o-timeline-icon\"><i class=\"fas fa-circle\"><\/i><\/div><div class=\"o-timeline-content\">\n<p class=\"has-small-font-size\">March 1, 2024<\/p>\n\n\n\n<h3 class=\"wp-block-heading\">Team Expansion<\/h3>\n\n\n\n<p>Welcomed five new talented members to our development team, bringing fresh perspectives and expertise.<\/p>\n<\/div><\/div><\/div>\n\n\n\n<div id=\"wp-block-themeisle-blocks-timeline-item-ded499d2\" class=\"wp-block-themeisle-blocks-timeline-item\"><div class=\"o-timeline-container\"><div class=\"o-timeline-icon\"><i class=\"fas fa-circle\"><\/i><\/div><div class=\"o-timeline-content\">\n<p class=\"has-small-font-size\">April 20, 2024<\/p>\n\n\n\n<h3 class=\"wp-block-heading\">Prototype Development<\/h3>\n\n\n\n<p>Completed the first working prototype of our product, marking a significant milestone in our project timeline.<\/p>\n<\/div><\/div><\/div>\n\n\n\n<div id=\"wp-block-themeisle-blocks-timeline-item-df445996\" class=\"wp-block-themeisle-blocks-timeline-item\"><div class=\"o-timeline-container\"><div class=\"o-timeline-icon\"><i class=\"fas fa-circle\"><\/i><\/div><div class=\"o-timeline-content\">\n<p class=\"has-small-font-size\">June 5, 2024<\/p>\n\n\n\n<h3 class=\"wp-block-heading\">Market Research<\/h3>\n\n\n\n<p>Conducted comprehensive market analysis to refine our product features and target audience strategy.<\/p>\n<\/div><\/div><\/div>\n<\/div><\/div>\n","protected":false},"excerpt":{"rendered":"","protected":false},"author":3,"featured_media":0,"parent":0,"menu_order":0,"comment_status":"closed","ping_status":"closed","template":"","meta":{"_themeisle_gutenberg_block_has_review":false,"footnotes":""},"class_list":["post-179","page","type-page","status-publish","hentry"],"_links":{"self":[{"href":"https:\/\/dr.swidnica.pl\/index.php?rest_route=\/wp\/v2\/pages\/179","targetHints":{"allow":["GET"]}}],"collection":[{"href":"https:\/\/dr.swidnica.pl\/index.php?rest_route=\/wp\/v2\/pages"}],"about":[{"href":"https:\/\/dr.swidnica.pl\/index.php?rest_route=\/wp\/v2\/types\/page"}],"author":[{"embeddable":true,"href":"https:\/\/dr.swidnica.pl\/index.php?rest_route=\/wp\/v2\/users\/3"}],"replies":[{"embeddable":true,"href":"https:\/\/dr.swidnica.pl\/index.php?rest_route=%2Fwp%2Fv2%2Fcomments&post=179"}],"version-history":[{"count":5,"href":"https:\/\/dr.swidnica.pl\/index.php?rest_route=\/wp\/v2\/pages\/179\/revisions"}],"predecessor-version":[{"id":198,"href":"https:\/\/dr.swidnica.pl\/index.php?rest_route=\/wp\/v2\/pages\/179\/revisions\/198"}],"wp:attachment":[{"href":"https:\/\/dr.swidnica.pl\/index.php?rest_route=%2Fwp%2Fv2%2Fmedia&parent=179"}],"curies":[{"name":"wp","href":"https:\/\/api.w.org\/{rel}","templated":true}]}}